{"id":1196,"date":"2022-01-26T12:20:50","date_gmt":"2022-01-26T12:20:50","guid":{"rendered":"https:\/\/fibrosport.pt\/splash-en\/"},"modified":"2026-03-20T16:12:36","modified_gmt":"2026-03-20T16:12:36","slug":"splash","status":"publish","type":"page","link":"https:\/\/fibrosport.pt\/en\/","title":{"rendered":"Splash EN"},"content":{"rendered":"\t\t<div data-elementor-type=\"wp-page\" data-elementor-id=\"1196\" class=\"elementor elementor-1196\">\n\t\t\t\t\t\t\t\t\t<section class=\"elementor-section elementor-top-section elementor-element elementor-element-c720091 elementor-section-full_width elementor-section-height-full elementor-section-content-middle elementor-section-height-default elementor-section-items-middle\" data-id=\"c720091\" data-element_type=\"section\">\n\t\t\t\t\t\t<div class=\"elementor-container elementor-column-gap-no\">\n\t\t\t\t\t<div class=\"elementor-column elementor-col-50 elementor-top-column elementor-element elementor-element-9865563\" data-id=\"9865563\" data-element_type=\"column\">\n\t\t\t<div class=\"elementor-widget-wrap elementor-element-populated\">\n\t\t\t\t\t\t\t\t<section data-wts-url=\"https:\/\/fibrosport.pt\/home\" data-wts-link=\"yes\" data-wts-new-window=\"\" class=\"elementor-section elementor-inner-section elementor-element elementor-element-d2a6113 elementor-section-full_width elementor-section-height-min-height elementor-section-content-middle ae-link-yes elementor-section-height-default\" data-id=\"d2a6113\" data-element_type=\"section\" data-settings=\"{&quot;background_background&quot;:&quot;classic&quot;}\">\n\t\t\t\t\t\t\t<div class=\"elementor-background-overlay\"><\/div>\n\t\t\t\t\t\t\t<div class=\"elementor-container elementor-column-gap-no\">\n\t\t\t\t\t<div class=\"elementor-column elementor-col-100 elementor-inner-column elementor-element elementor-element-eab3063\" data-id=\"eab3063\" data-element_type=\"column\">\n\t\t\t<div class=\"elementor-widget-wrap elementor-element-populated\">\n\t\t\t\t\t\t\t\t<div class=\"elementor-element elementor-element-1f4b8bb elementor-widget elementor-widget-image\" data-id=\"1f4b8bb\" data-element_type=\"widget\" data-widget_type=\"image.default\">\n\t\t\t\t<div class=\"elementor-widget-container\">\n\t\t\t<style>\/*! elementor - v3.6.1 - 23-03-2022 *\/\n.elementor-widget-image{text-align:center}.elementor-widget-image a{display:inline-block}.elementor-widget-image a img[src$=\".svg\"]{width:48px}.elementor-widget-image img{vertical-align:middle;display:inline-block}<\/style>\t\t\t\t\t\t\t\t\t\t\t\t\t<a href=\"https:\/\/fibrosport.pt\/en\/home\/\">\n\t\t\t\t\t\t\t<img loading=\"lazy\" decoding=\"async\" width=\"400\" height=\"300\" src=\"https:\/\/fibrosport.pt\/wp-content\/uploads\/2022\/03\/fibrosport-logo-splash.svg\" class=\"attachment-full size-full\" alt=\"\" \/>\t\t\t\t\t\t\t\t<\/a>\n\t\t\t\t\t\t\t\t\t\t\t\t\t\t\t<\/div>\n\t\t\t\t<\/div>\n\t\t\t\t\t<\/div>\n\t\t<\/div>\n\t\t\t\t\t\t\t<\/div>\n\t\t<\/section>\n\t\t\t\t\t<\/div>\n\t\t<\/div>\n\t\t\t\t<div class=\"elementor-column elementor-col-50 elementor-top-column elementor-element elementor-element-4571223\" data-id=\"4571223\" data-element_type=\"column\">\n\t\t\t<div class=\"elementor-widget-wrap elementor-element-populated\">\n\t\t\t\t\t\t\t\t<section data-wts-url=\"https:\/\/fibrosport.pt\/metalsport\/\" data-wts-link=\"yes\" data-wts-new-window=\"\" class=\"elementor-section elementor-inner-section elementor-element elementor-element-0d0203c elementor-section-full_width elementor-section-height-min-height elementor-section-content-middle ae-link-yes elementor-section-height-default\" data-id=\"0d0203c\" data-element_type=\"section\" data-settings=\"{&quot;background_background&quot;:&quot;classic&quot;}\">\n\t\t\t\t\t\t\t<div class=\"elementor-background-overlay\"><\/div>\n\t\t\t\t\t\t\t<div class=\"elementor-container elementor-column-gap-no\">\n\t\t\t\t\t<div class=\"elementor-column elementor-col-100 elementor-inner-column elementor-element elementor-element-e60c4ae\" data-id=\"e60c4ae\" data-element_type=\"column\">\n\t\t\t<div class=\"elementor-widget-wrap elementor-element-populated\">\n\t\t\t\t\t\t\t\t<div class=\"elementor-element elementor-element-399c6a3 elementor-widget elementor-widget-image\" data-id=\"399c6a3\" data-element_type=\"widget\" data-widget_type=\"image.default\">\n\t\t\t\t<div class=\"elementor-widget-container\">\n\t\t\t\t\t\t\t\t\t\t\t\t\t\t\t\t<a href=\"https:\/\/fibrosport.pt\/en\/metalsport\/\">\n\t\t\t\t\t\t\t<img loading=\"lazy\" decoding=\"async\" width=\"400\" height=\"300\" src=\"https:\/\/fibrosport.pt\/wp-content\/uploads\/2022\/03\/metalsport-logo-splash-1.svg\" class=\"attachment-full size-full\" alt=\"\" \/>\t\t\t\t\t\t\t\t<\/a>\n\t\t\t\t\t\t\t\t\t\t\t\t\t\t\t<\/div>\n\t\t\t\t<\/div>\n\t\t\t\t\t<\/div>\n\t\t<\/div>\n\t\t\t\t\t\t\t<\/div>\n\t\t<\/section>\n\t\t\t\t\t<\/div>\n\t\t<\/div>\n\t\t\t\t\t\t\t<\/div>\n\t\t<\/section>\n\t\t\t\t\t\t\t<\/div>\n\t\t","protected":false},"excerpt":{"rendered":"<p>cosmicslot bonus ludios login \u0395\u03be\u03b5\u03c1\u03b5\u03c5\u03bd\u03ae\u03c3\u03c4\u03b5 \u03ad\u03bd\u03b1\u03bd \u03ba\u03cc\u03c3\u03bc\u03bf \u03c0\u03b1\u03b9\u03c7\u03bd\u03b9\u03b4\u03b9\u03ce\u03bd \u03ba\u03b1\u03b6\u03af\u03bd\u03bf \u03bc\u03b5 \u03c4\u03b7\u03bd Casinolab. Tutustu parhaisiin kasinopeleihin ja j\u00e4nnitt\u00e4viin bonuksiin Qbetiss\u00e4. Experience thrilling online casino games and exciting opportunities at Spinbara. Wanted Dead or a Wild Chicken Road Experience the thrill of online gaming with Casinoin casino, offering a wide array of exciting games and opportunities to [&hellip;]<\/p>\n","protected":false},"author":1,"featured_media":0,"parent":0,"menu_order":0,"comment_status":"closed","ping_status":"closed","template":"elementor_canvas","meta":{"footnotes":""},"class_list":["post-1196","page","type-page","status-publish","hentry"],"_links":{"self":[{"href":"https:\/\/fibrosport.pt\/en\/wp-json\/wp\/v2\/pages\/1196","targetHints":{"allow":["GET"]}}],"collection":[{"href":"https:\/\/fibrosport.pt\/en\/wp-json\/wp\/v2\/pages"}],"about":[{"href":"https:\/\/fibrosport.pt\/en\/wp-json\/wp\/v2\/types\/page"}],"author":[{"embeddable":true,"href":"https:\/\/fibrosport.pt\/en\/wp-json\/wp\/v2\/users\/1"}],"replies":[{"embeddable":true,"href":"https:\/\/fibrosport.pt\/en\/wp-json\/wp\/v2\/comments?post=1196"}],"version-history":[{"count":23,"href":"https:\/\/fibrosport.pt\/en\/wp-json\/wp\/v2\/pages\/1196\/revisions"}],"predecessor-version":[{"id":202602,"href":"https:\/\/fibrosport.pt\/en\/wp-json\/wp\/v2\/pages\/1196\/revisions\/202602"}],"wp:attachment":[{"href":"https:\/\/fibrosport.pt\/en\/wp-json\/wp\/v2\/media?parent=1196"}],"curies":[{"name":"wp","href":"https:\/\/api.w.org\/{rel}","templated":true}]}}