{"id":1032,"date":"2022-03-24T12:32:18","date_gmt":"2022-03-24T12:32:18","guid":{"rendered":"https:\/\/fibrosport.pt\/?post_type=product&#038;p=1032"},"modified":"2022-03-24T12:46:34","modified_gmt":"2022-03-24T12:46:34","slug":"perfil-l","status":"publish","type":"product","link":"https:\/\/fibrosport.pt\/en\/produto\/perfil-l\/","title":{"rendered":"Perfil L"},"content":{"rendered":"","protected":false},"excerpt":{"rendered":"<p><span style=\"font-weight: 400;\">Perfil L, mais conhecido por \u201cCantoneira\u201d geralmente s\u00e3o usados para segurar, servir de apoio ou fazer liga\u00e7\u00f5es entre elementos. Este perfil \u00e9 muito usado em ETAR\u2019s, escadarias, plataformas e estruturas para gradil.<\/span><\/p>\n<p><strong>Dimens\u00f5es (mm)<\/strong><br \/>\n30 x 30 x 5<br \/>\n35 x 35 x 5<br \/>\n40 x 40 x 5<\/p>\n","protected":false},"featured_media":1039,"template":"","meta":[],"product_cat":[47],"product_tag":[],"class_list":["post-1032","product","type-product","status-publish","has-post-thumbnail","hentry","product_cat-profiles"],"_links":{"self":[{"href":"https:\/\/fibrosport.pt\/en\/wp-json\/wp\/v2\/product\/1032","targetHints":{"allow":["GET"]}}],"collection":[{"href":"https:\/\/fibrosport.pt\/en\/wp-json\/wp\/v2\/product"}],"about":[{"href":"https:\/\/fibrosport.pt\/en\/wp-json\/wp\/v2\/types\/product"}],"wp:featuredmedia":[{"embeddable":true,"href":"https:\/\/fibrosport.pt\/en\/wp-json\/wp\/v2\/media\/1039"}],"wp:attachment":[{"href":"https:\/\/fibrosport.pt\/en\/wp-json\/wp\/v2\/media?parent=1032"}],"wp:term":[{"taxonomy":"product_cat","embeddable":true,"href":"https:\/\/fibrosport.pt\/en\/wp-json\/wp\/v2\/product_cat?post=1032"},{"taxonomy":"product_tag","embeddable":true,"href":"https:\/\/fibrosport.pt\/en\/wp-json\/wp\/v2\/product_tag?post=1032"}],"curies":[{"name":"wp","href":"https:\/\/api.w.org\/{rel}","templated":true}]}}