{"id":1050,"date":"2022-03-24T12:30:50","date_gmt":"2022-03-24T12:30:50","guid":{"rendered":"https:\/\/fibrosport.pt\/?post_type=product&#038;p=1050"},"modified":"2022-03-24T12:47:09","modified_gmt":"2022-03-24T12:47:09","slug":"perfil-omega","status":"publish","type":"product","link":"https:\/\/fibrosport.pt\/en\/produto\/perfil-omega\/","title":{"rendered":"Perfil Omega"},"content":{"rendered":"","protected":false},"excerpt":{"rendered":"<p>O perfil Omega \u00e9 um perfil muito utilizado na ind\u00fastria el\u00e9trica com a fun\u00e7\u00e3o de isolar enrolamentos el\u00e9tricos.<\/p>\n<p><strong>Dimens\u00f5es (mm)<\/strong><br \/>\n65 x 50 x 4 x 46<\/p>\n","protected":false},"featured_media":1041,"template":"","meta":[],"product_cat":[47],"product_tag":[],"class_list":["post-1050","product","type-product","status-publish","has-post-thumbnail","hentry","product_cat-profiles"],"_links":{"self":[{"href":"https:\/\/fibrosport.pt\/en\/wp-json\/wp\/v2\/product\/1050","targetHints":{"allow":["GET"]}}],"collection":[{"href":"https:\/\/fibrosport.pt\/en\/wp-json\/wp\/v2\/product"}],"about":[{"href":"https:\/\/fibrosport.pt\/en\/wp-json\/wp\/v2\/types\/product"}],"wp:featuredmedia":[{"embeddable":true,"href":"https:\/\/fibrosport.pt\/en\/wp-json\/wp\/v2\/media\/1041"}],"wp:attachment":[{"href":"https:\/\/fibrosport.pt\/en\/wp-json\/wp\/v2\/media?parent=1050"}],"wp:term":[{"taxonomy":"product_cat","embeddable":true,"href":"https:\/\/fibrosport.pt\/en\/wp-json\/wp\/v2\/product_cat?post=1050"},{"taxonomy":"product_tag","embeddable":true,"href":"https:\/\/fibrosport.pt\/en\/wp-json\/wp\/v2\/product_tag?post=1050"}],"curies":[{"name":"wp","href":"https:\/\/api.w.org\/{rel}","templated":true}]}}