{"id":1055,"date":"2022-02-18T14:13:23","date_gmt":"2022-02-18T14:13:23","guid":{"rendered":"https:\/\/fibrosport.pt\/?post_type=product&#038;p=1055"},"modified":"2022-03-15T10:20:41","modified_gmt":"2022-03-15T10:20:41","slug":"escada-vertical-sem-guarda","status":"publish","type":"product","link":"https:\/\/fibrosport.pt\/en\/produto\/escada-vertical-sem-guarda\/","title":{"rendered":"Escada Vertical Sem Guarda"},"content":{"rendered":"","protected":false},"excerpt":{"rendered":"<p>As escadas em PRFV Fibrosport s\u00e3o caracterizadas pela sua resist\u00eancia qu\u00edmica, leveza, aus\u00eancia de manuten\u00e7\u00e3o e uma instala\u00e7\u00e3o simples. Podendo ser escadas fixas ou moveis estas apresentam muitas vantagens. As escadas fixas s\u00e3o por vezes muito utilizadas em saneamentos, esta\u00e7\u00f5es de tratamento de \u00e1gua e reservat\u00f3rios devido a sua resist\u00eancia com a \u00e1gua.<\/p>\n<p>Escadas com alturas superiores a 2,2m tem de ter guarda-corpos e escadas com alturas superiores a 6m tem de ter patamar.<\/p>\n","protected":false},"featured_media":1056,"template":"","meta":[],"product_cat":[69],"product_tag":[],"class_list":["post-1055","product","type-product","status-publish","has-post-thumbnail","hentry","product_cat-stairs-and-walkways"],"_links":{"self":[{"href":"https:\/\/fibrosport.pt\/en\/wp-json\/wp\/v2\/product\/1055","targetHints":{"allow":["GET"]}}],"collection":[{"href":"https:\/\/fibrosport.pt\/en\/wp-json\/wp\/v2\/product"}],"about":[{"href":"https:\/\/fibrosport.pt\/en\/wp-json\/wp\/v2\/types\/product"}],"wp:featuredmedia":[{"embeddable":true,"href":"https:\/\/fibrosport.pt\/en\/wp-json\/wp\/v2\/media\/1056"}],"wp:attachment":[{"href":"https:\/\/fibrosport.pt\/en\/wp-json\/wp\/v2\/media?parent=1055"}],"wp:term":[{"taxonomy":"product_cat","embeddable":true,"href":"https:\/\/fibrosport.pt\/en\/wp-json\/wp\/v2\/product_cat?post=1055"},{"taxonomy":"product_tag","embeddable":true,"href":"https:\/\/fibrosport.pt\/en\/wp-json\/wp\/v2\/product_tag?post=1055"}],"curies":[{"name":"wp","href":"https:\/\/api.w.org\/{rel}","templated":true}]}}