{"id":1058,"date":"2022-02-18T14:40:28","date_gmt":"2022-02-18T14:40:28","guid":{"rendered":"https:\/\/fibrosport.pt\/?post_type=product&#038;p=1058"},"modified":"2022-02-18T14:41:22","modified_gmt":"2022-02-18T14:41:22","slug":"decantadores-espessadores-graviticos","status":"publish","type":"product","link":"https:\/\/fibrosport.pt\/en\/produto\/decantadores-espessadores-graviticos\/","title":{"rendered":"Decantadores &#8211; Espessadores Graviticos"},"content":{"rendered":"","protected":false},"excerpt":{"rendered":"<p>Os Espessadores grav\u00edticos ou Decantadores (quando n\u00e3o possuem caleira) s\u00e3o equipamentos cil\u00edndricos abertos, de eixo vertical, com um cone de decanta\u00e7\u00e3o. Sendo mais pesadas proporcionam a agita\u00e7\u00e3o suave da lama para obter a concentra\u00e7\u00e3o e sedimenta\u00e7\u00e3o desejadas. S\u00e3o indicados para suporte do processo de separa\u00e7\u00e3o de part\u00edculas em suspens\u00e3o (fase s\u00f3lida) na fase l\u00edquida.<\/p>\n","protected":false},"featured_media":1048,"template":"","meta":[],"product_cat":[67],"product_tag":[],"class_list":["post-1058","product","type-product","status-publish","has-post-thumbnail","hentry","product_cat-deposits-and-environment"],"_links":{"self":[{"href":"https:\/\/fibrosport.pt\/en\/wp-json\/wp\/v2\/product\/1058","targetHints":{"allow":["GET"]}}],"collection":[{"href":"https:\/\/fibrosport.pt\/en\/wp-json\/wp\/v2\/product"}],"about":[{"href":"https:\/\/fibrosport.pt\/en\/wp-json\/wp\/v2\/types\/product"}],"wp:featuredmedia":[{"embeddable":true,"href":"https:\/\/fibrosport.pt\/en\/wp-json\/wp\/v2\/media\/1048"}],"wp:attachment":[{"href":"https:\/\/fibrosport.pt\/en\/wp-json\/wp\/v2\/media?parent=1058"}],"wp:term":[{"taxonomy":"product_cat","embeddable":true,"href":"https:\/\/fibrosport.pt\/en\/wp-json\/wp\/v2\/product_cat?post=1058"},{"taxonomy":"product_tag","embeddable":true,"href":"https:\/\/fibrosport.pt\/en\/wp-json\/wp\/v2\/product_tag?post=1058"}],"curies":[{"name":"wp","href":"https:\/\/api.w.org\/{rel}","templated":true}]}}