{"id":1059,"date":"2022-02-18T14:42:17","date_gmt":"2022-02-18T14:42:17","guid":{"rendered":"https:\/\/fibrosport.pt\/?post_type=product&#038;p=1059"},"modified":"2022-02-18T14:47:09","modified_gmt":"2022-02-18T14:47:09","slug":"bio-filtros","status":"publish","type":"product","link":"https:\/\/fibrosport.pt\/en\/produto\/bio-filtros\/","title":{"rendered":"Bio Filtros"},"content":{"rendered":"","protected":false},"excerpt":{"rendered":"<p>O biofiltro s\u00e3o pe\u00e7as em pl\u00e1stico que tem como fun\u00e7\u00e3o acelerar o processo de regenera\u00e7\u00e3o e purifica\u00e7\u00e3o da \u00e1gua. Os biofiltros tem como principais caracter\u00edsticas:<\/p>\n<ul>\n<li>Maior superf\u00edcie \u00fatil para a purifica\u00e7\u00e3o biol\u00f3gica;<\/li>\n<li>Maior tempo de reten\u00e7\u00e3o de \u00e1gua no sistema e elevado tempo de contato entre o afluente e a biomassa;<\/li>\n<li>Maior presen\u00e7a de ar em toda a regi\u00e3o;<\/li>\n<li>Maior interrup\u00e7\u00e3o cont\u00ednua do fluxo do l\u00edquido para evitar a forma\u00e7\u00e3o de caminhos preferenciais do l\u00edquido;<\/li>\n<li>Maior habitat para a fixa\u00e7\u00e3o de col\u00f4nias bacterianas, por meio de superf\u00edcie especialmente rugosa;<\/li>\n<li>Maior rela\u00e7\u00e3o superf\u00edcie \u00fatil \/ peso devido \u00e0 sua baixa densidade em rela\u00e7\u00e3o \u00e0 sua superf\u00edcie.<\/li>\n<\/ul>\n","protected":false},"featured_media":1060,"template":"","meta":[],"product_cat":[67],"product_tag":[],"class_list":["post-1059","product","type-product","status-publish","has-post-thumbnail","hentry","product_cat-deposits-and-environment"],"_links":{"self":[{"href":"https:\/\/fibrosport.pt\/en\/wp-json\/wp\/v2\/product\/1059","targetHints":{"allow":["GET"]}}],"collection":[{"href":"https:\/\/fibrosport.pt\/en\/wp-json\/wp\/v2\/product"}],"about":[{"href":"https:\/\/fibrosport.pt\/en\/wp-json\/wp\/v2\/types\/product"}],"wp:featuredmedia":[{"embeddable":true,"href":"https:\/\/fibrosport.pt\/en\/wp-json\/wp\/v2\/media\/1060"}],"wp:attachment":[{"href":"https:\/\/fibrosport.pt\/en\/wp-json\/wp\/v2\/media?parent=1059"}],"wp:term":[{"taxonomy":"product_cat","embeddable":true,"href":"https:\/\/fibrosport.pt\/en\/wp-json\/wp\/v2\/product_cat?post=1059"},{"taxonomy":"product_tag","embeddable":true,"href":"https:\/\/fibrosport.pt\/en\/wp-json\/wp\/v2\/product_tag?post=1059"}],"curies":[{"name":"wp","href":"https:\/\/api.w.org\/{rel}","templated":true}]}}