{"id":1062,"date":"2022-02-18T14:48:27","date_gmt":"2022-02-18T14:48:27","guid":{"rendered":"https:\/\/fibrosport.pt\/?post_type=product&#038;p=1062"},"modified":"2022-03-29T09:11:59","modified_gmt":"2022-03-29T08:11:59","slug":"coberturas-em-fibra-de-vidro","status":"publish","type":"product","link":"https:\/\/fibrosport.pt\/en\/produto\/coberturas-em-fibra-de-vidro\/","title":{"rendered":"Coberturas em PRFV"},"content":{"rendered":"","protected":false},"excerpt":{"rendered":"<p>As coberturas em PRFV s\u00e3o fabricadas de acordo com as exig\u00eancias da obra. S\u00e3o particularmente utilizadas em ambientes corrosivos ou em situa\u00e7\u00f5es onde seja requerido aus\u00eancia de manuten\u00e7\u00e3o. Os s\u00edtios mais habituais onde se aplica s\u00e3o a ind\u00fastria qu\u00edmica, esta\u00e7\u00f5es de tratamento de \u00e1gua e estruturas comerciais com ambientes salinos.<\/p>\n<p>Estas coberturas podem ser autoportantes ou assentes sobre estruturas em perfis pultrudidos. E\u0301 poss\u00edvel a coloca\u00e7\u00e3o de entrada de homem ou chamin\u00e9s.<\/p>\n","protected":false},"featured_media":1986,"template":"","meta":[],"product_cat":[66],"product_tag":[],"class_list":["post-1062","product","type-product","status-publish","has-post-thumbnail","hentry","product_cat-coverages"],"_links":{"self":[{"href":"https:\/\/fibrosport.pt\/en\/wp-json\/wp\/v2\/product\/1062","targetHints":{"allow":["GET"]}}],"collection":[{"href":"https:\/\/fibrosport.pt\/en\/wp-json\/wp\/v2\/product"}],"about":[{"href":"https:\/\/fibrosport.pt\/en\/wp-json\/wp\/v2\/types\/product"}],"wp:featuredmedia":[{"embeddable":true,"href":"https:\/\/fibrosport.pt\/en\/wp-json\/wp\/v2\/media\/1986"}],"wp:attachment":[{"href":"https:\/\/fibrosport.pt\/en\/wp-json\/wp\/v2\/media?parent=1062"}],"wp:term":[{"taxonomy":"product_cat","embeddable":true,"href":"https:\/\/fibrosport.pt\/en\/wp-json\/wp\/v2\/product_cat?post=1062"},{"taxonomy":"product_tag","embeddable":true,"href":"https:\/\/fibrosport.pt\/en\/wp-json\/wp\/v2\/product_tag?post=1062"}],"curies":[{"name":"wp","href":"https:\/\/api.w.org\/{rel}","templated":true}]}}