{"id":1832,"date":"2022-03-16T11:13:35","date_gmt":"2022-03-16T11:13:35","guid":{"rendered":"https:\/\/fibrosport.pt\/?post_type=product&#038;p=1832"},"modified":"2022-03-16T11:16:04","modified_gmt":"2022-03-16T11:16:04","slug":"passadicos","status":"publish","type":"product","link":"https:\/\/fibrosport.pt\/en\/produto\/passadicos\/","title":{"rendered":"Passadi\u00e7os"},"content":{"rendered":"","protected":false},"excerpt":{"rendered":"<p>Os passadi\u00e7os em PRFV s\u00e3o constitu\u00eddos por estrutura em perfis pultrudidos e o piso em gradil ou tampa em PRFV. Estes passadi\u00e7os s\u00e3o ideais para usar em locais onde existe problemas de corros\u00e3o. Al\u00e9m disso a leveza (4 vezes mais leve que o a\u00e7o) destes materiais facilita bastante o transporte e a montagem, n\u00e3o sendo necess\u00e1rio a utiliza\u00e7\u00e3o de meios de eleva\u00e7\u00e3o, o que traz uma grande vantagem em locais de dif\u00edcil acesso ou em grandes extens\u00f5es.<\/p>\n","protected":false},"featured_media":1839,"template":"","meta":[],"product_cat":[69],"product_tag":[],"class_list":["post-1832","product","type-product","status-publish","has-post-thumbnail","hentry","product_cat-stairs-and-walkways"],"_links":{"self":[{"href":"https:\/\/fibrosport.pt\/en\/wp-json\/wp\/v2\/product\/1832","targetHints":{"allow":["GET"]}}],"collection":[{"href":"https:\/\/fibrosport.pt\/en\/wp-json\/wp\/v2\/product"}],"about":[{"href":"https:\/\/fibrosport.pt\/en\/wp-json\/wp\/v2\/types\/product"}],"wp:featuredmedia":[{"embeddable":true,"href":"https:\/\/fibrosport.pt\/en\/wp-json\/wp\/v2\/media\/1839"}],"wp:attachment":[{"href":"https:\/\/fibrosport.pt\/en\/wp-json\/wp\/v2\/media?parent=1832"}],"wp:term":[{"taxonomy":"product_cat","embeddable":true,"href":"https:\/\/fibrosport.pt\/en\/wp-json\/wp\/v2\/product_cat?post=1832"},{"taxonomy":"product_tag","embeddable":true,"href":"https:\/\/fibrosport.pt\/en\/wp-json\/wp\/v2\/product_tag?post=1832"}],"curies":[{"name":"wp","href":"https:\/\/api.w.org\/{rel}","templated":true}]}}