{"id":1889,"date":"2022-03-23T12:24:13","date_gmt":"2022-03-23T12:24:13","guid":{"rendered":"https:\/\/fibrosport.pt\/?post_type=product&#038;p=1889"},"modified":"2022-03-24T12:55:28","modified_gmt":"2022-03-24T12:55:28","slug":"guarda-corpos","status":"publish","type":"product","link":"https:\/\/fibrosport.pt\/en\/produto\/guarda-corpos\/","title":{"rendered":"Guarda-corpos"},"content":{"rendered":"","protected":false},"excerpt":{"rendered":"<p>O guarda-corpo em perfil pultrudido tem como miss\u00e3o manter a seguran\u00e7a e s\u00e3o principalmente aplicados em estruturas industriais, comerciais, dom\u00e9sticas, passagens e trilhos da plataforma.\u00a0 Tendo como principais caracter\u00edsticas a sua elevada resist\u00eancia a corros\u00e3o, leveza, resist\u00eancia ao impacto, montagem de estrutura r\u00e1pida, durabilidade e baixo custo de manuten\u00e7\u00e3o.<\/p>\n","protected":false},"featured_media":1890,"template":"","meta":[],"product_cat":[70],"product_tag":[],"class_list":["post-1889","product","type-product","status-publish","has-post-thumbnail","hentry","product_cat-guardrails"],"_links":{"self":[{"href":"https:\/\/fibrosport.pt\/en\/wp-json\/wp\/v2\/product\/1889","targetHints":{"allow":["GET"]}}],"collection":[{"href":"https:\/\/fibrosport.pt\/en\/wp-json\/wp\/v2\/product"}],"about":[{"href":"https:\/\/fibrosport.pt\/en\/wp-json\/wp\/v2\/types\/product"}],"wp:featuredmedia":[{"embeddable":true,"href":"https:\/\/fibrosport.pt\/en\/wp-json\/wp\/v2\/media\/1890"}],"wp:attachment":[{"href":"https:\/\/fibrosport.pt\/en\/wp-json\/wp\/v2\/media?parent=1889"}],"wp:term":[{"taxonomy":"product_cat","embeddable":true,"href":"https:\/\/fibrosport.pt\/en\/wp-json\/wp\/v2\/product_cat?post=1889"},{"taxonomy":"product_tag","embeddable":true,"href":"https:\/\/fibrosport.pt\/en\/wp-json\/wp\/v2\/product_tag?post=1889"}],"curies":[{"name":"wp","href":"https:\/\/api.w.org\/{rel}","templated":true}]}}