{"id":1907,"date":"2022-03-24T14:59:06","date_gmt":"2022-03-24T14:59:06","guid":{"rendered":"https:\/\/fibrosport.pt\/?post_type=product&#038;p=1907"},"modified":"2022-04-14T16:59:12","modified_gmt":"2022-04-14T15:59:12","slug":"escada-com-patamar","status":"publish","type":"product","link":"https:\/\/fibrosport.pt\/en\/produto\/escada-com-patamar\/","title":{"rendered":"Escada com patamar"},"content":{"rendered":"","protected":false},"excerpt":{"rendered":"<p>As escadas verticais com patamar s\u00e3o utilizadas quando envolve alturas superiores a 6 metros. O patamar \u00e9 constitu\u00eddo por gradil em PRFV e tem como objetivo facultar a subida.<\/p>\n","protected":false},"featured_media":2369,"template":"","meta":[],"product_cat":[69],"product_tag":[],"class_list":["post-1907","product","type-product","status-publish","has-post-thumbnail","hentry","product_cat-stairs-and-walkways"],"_links":{"self":[{"href":"https:\/\/fibrosport.pt\/en\/wp-json\/wp\/v2\/product\/1907","targetHints":{"allow":["GET"]}}],"collection":[{"href":"https:\/\/fibrosport.pt\/en\/wp-json\/wp\/v2\/product"}],"about":[{"href":"https:\/\/fibrosport.pt\/en\/wp-json\/wp\/v2\/types\/product"}],"wp:featuredmedia":[{"embeddable":true,"href":"https:\/\/fibrosport.pt\/en\/wp-json\/wp\/v2\/media\/2369"}],"wp:attachment":[{"href":"https:\/\/fibrosport.pt\/en\/wp-json\/wp\/v2\/media?parent=1907"}],"wp:term":[{"taxonomy":"product_cat","embeddable":true,"href":"https:\/\/fibrosport.pt\/en\/wp-json\/wp\/v2\/product_cat?post=1907"},{"taxonomy":"product_tag","embeddable":true,"href":"https:\/\/fibrosport.pt\/en\/wp-json\/wp\/v2\/product_tag?post=1907"}],"curies":[{"name":"wp","href":"https:\/\/api.w.org\/{rel}","templated":true}]}}