{"id":1918,"date":"2022-03-24T15:16:02","date_gmt":"2022-03-24T15:16:02","guid":{"rendered":"https:\/\/fibrosport.pt\/?post_type=product&#038;p=1918"},"modified":"2022-03-24T15:16:12","modified_gmt":"2022-03-24T15:16:12","slug":"vedacoes","status":"publish","type":"product","link":"https:\/\/fibrosport.pt\/en\/produto\/vedacoes\/","title":{"rendered":"Veda\u00e7\u00f5es"},"content":{"rendered":"","protected":false},"excerpt":{"rendered":"<p>As veda\u00e7\u00f5es em PRFV s\u00e3o aplicadas principalmente em \u00e1reas onde o isolamento el\u00e9trico e a resist\u00eancia \u00e0 corros\u00e3o s\u00e3o necess\u00e1rios tendo como principais vantagens: a leveza, facilidade de instala\u00e7\u00e3o, alta resist\u00eancia em ambientes agressivos\/corrosivos e ainda a n\u00e3o necessidade de manuten\u00e7\u00e3o. Normalmente encontram-se instaladas no setor aeroportu\u00e1rio por n\u00e3o serem magn\u00e9ticas e radio transparentes. J\u00e1\u0301 no sector el\u00e9trico valoriza-se especialmente as suas propriedades de isolamento el\u00e9trico.<\/p>\n","protected":false},"featured_media":1919,"template":"","meta":[],"product_cat":[71],"product_tag":[],"class_list":["post-1918","product","type-product","status-publish","has-post-thumbnail","hentry","product_cat-fencing"],"_links":{"self":[{"href":"https:\/\/fibrosport.pt\/en\/wp-json\/wp\/v2\/product\/1918","targetHints":{"allow":["GET"]}}],"collection":[{"href":"https:\/\/fibrosport.pt\/en\/wp-json\/wp\/v2\/product"}],"about":[{"href":"https:\/\/fibrosport.pt\/en\/wp-json\/wp\/v2\/types\/product"}],"wp:featuredmedia":[{"embeddable":true,"href":"https:\/\/fibrosport.pt\/en\/wp-json\/wp\/v2\/media\/1919"}],"wp:attachment":[{"href":"https:\/\/fibrosport.pt\/en\/wp-json\/wp\/v2\/media?parent=1918"}],"wp:term":[{"taxonomy":"product_cat","embeddable":true,"href":"https:\/\/fibrosport.pt\/en\/wp-json\/wp\/v2\/product_cat?post=1918"},{"taxonomy":"product_tag","embeddable":true,"href":"https:\/\/fibrosport.pt\/en\/wp-json\/wp\/v2\/product_tag?post=1918"}],"curies":[{"name":"wp","href":"https:\/\/api.w.org\/{rel}","templated":true}]}}