{"id":1922,"date":"2022-03-24T15:23:49","date_gmt":"2022-03-24T15:23:49","guid":{"rendered":"https:\/\/fibrosport.pt\/?post_type=product&#038;p=1922"},"modified":"2022-03-24T15:23:56","modified_gmt":"2022-03-24T15:23:56","slug":"tampa-prfv","status":"publish","type":"product","link":"https:\/\/fibrosport.pt\/en\/produto\/tampa-prfv\/","title":{"rendered":"Tampa PRFV"},"content":{"rendered":"","protected":false},"excerpt":{"rendered":"<p>A partir do gradil existe as tampas que \u00e9 constitu\u00edda por gradil tapado \u00e0 superf\u00edcie podendo ser aplicado uma camada antiderrapante.<\/p>\n","protected":false},"featured_media":1925,"template":"","meta":[],"product_cat":[68],"product_tag":[],"class_list":["post-1922","product","type-product","status-publish","has-post-thumbnail","hentry","product_cat-covers"],"_links":{"self":[{"href":"https:\/\/fibrosport.pt\/en\/wp-json\/wp\/v2\/product\/1922","targetHints":{"allow":["GET"]}}],"collection":[{"href":"https:\/\/fibrosport.pt\/en\/wp-json\/wp\/v2\/product"}],"about":[{"href":"https:\/\/fibrosport.pt\/en\/wp-json\/wp\/v2\/types\/product"}],"wp:featuredmedia":[{"embeddable":true,"href":"https:\/\/fibrosport.pt\/en\/wp-json\/wp\/v2\/media\/1925"}],"wp:attachment":[{"href":"https:\/\/fibrosport.pt\/en\/wp-json\/wp\/v2\/media?parent=1922"}],"wp:term":[{"taxonomy":"product_cat","embeddable":true,"href":"https:\/\/fibrosport.pt\/en\/wp-json\/wp\/v2\/product_cat?post=1922"},{"taxonomy":"product_tag","embeddable":true,"href":"https:\/\/fibrosport.pt\/en\/wp-json\/wp\/v2\/product_tag?post=1922"}],"curies":[{"name":"wp","href":"https:\/\/api.w.org\/{rel}","templated":true}]}}